
{"id":3,"date":"2021-10-29T12:11:25","date_gmt":"2021-10-29T12:11:25","guid":{"rendered":"https:\/\/mazolacanada.wpengine.com\/?page_id=3"},"modified":"2021-11-18T22:42:54","modified_gmt":"2021-11-19T03:42:54","slug":"privacy-policy","status":"publish","type":"page","link":"https:\/\/www.mazola.ca\/fr\/privacy-policy\/","title":{"rendered":"Confidentialit\u00e9"},"content":{"rendered":"<h1>Privacy Policy<\/h1>\n<p><span style=\"font-weight: 400;\">Welcome to the Canadian Mazola website by ACH Food Companies, Inc. This website is a service of ACH Food Companies, Inc., together with its subsidiaries, affiliates, agents and licensors (collectively &#8220;ACH Food&#8221;) (ACH Food may also be referred to in this Privacy Policy as \u201cwe,\u201d \u201cus,\u201d \u201cour\u201d). We respect your privacy and are committed to protecting your personally identifiable information. We have adopted this privacy policy (&#8220;Privacy Policy&#8221;) to explain what information may be collected on this website (\u201cWebsite\u201d) and how such information may be used or shared with others. This Privacy Policy applies solely to information we collect through this Website and not through any other sources. This Privacy Policy, together with the Terms of Use posted on this Website, set forth the complete rules and policies governing your use of our Website. Please return to this Website and review this Privacy Policy from time to time, as it may be changed without notice. Any changes will be effective immediately upon the posting of the revised Privacy Policy on this Website. In accessing and using this Website, you consent to the terms set forth in this Privacy Policy and the Terms of Use.<\/span><\/p>\n<h4>INFORMATION WE COLLECT<\/h4>\n<p><span style=\"font-weight: 400;\">This Website collects two kinds of information: (a) information that you provide that personally identifies you; and (b) information that you provide that does not personally identify you and that we automatically collect when you access the Website.<\/span><\/p>\n<p><span style=\"font-weight: 400;\">Personally Identifiable Information You Provide: As a general policy, we do not automatically collect your personally identifiable information when you visit this Website. In certain circumstances, we may request, allow or otherwise provide you an opportunity to submit your personally identifiable information in connection with a feature, program, promotion or some other aspect of our Website. For instance, you may choose to provide your name, mail address, e-mail address, and phone number in connection with a contest entry or coupon request, provide your email address to opt-in to receive to Mazola email communications, provide certain demographic information about you (e.g., age, gender, purchase preference, usage frequency, etc.) when participating in a survey or joining a club, or post a product rating and recommendation on our Website. Whether or not you provide this information is your choice; however, in many instances this type of information is required to participate in the particular activity, realize a benefit we may offer, or gain access to certain content on our Website.<\/span><\/p>\n<p><span style=\"font-weight: 400;\">Non-Personal Information You Provide &amp; We Collect: In certain circumstances, you may provide us non-personal information. We also automatically collect certain non-personal information from you when you access our Website. Non-personal information does not personally identify you. This information can include, among other things, your IP address, the type of browser being used (e.g., Edge, Chrome, Firefox, Safari, etc.), the operating system you are using (e.g., Microsoft Windows, macOS, Linux, etc.), the domain name of your Internet service provider (e.g., Rogers, Bell, etc.), and the number of users that visit a specific page on the Website and the character and duration of such visits.<\/span><\/p>\n<h4>HOW WE USE THE INFORMATION COLLECTED<\/h4>\n<p><span style=\"font-weight: 400;\">We use the information you choose to provide us and the information that we automatically collect when you access our Website in the following ways:<\/span><\/p>\n<p><span style=\"font-weight: 400;\">Personally Identifiable Information: The personally identifiable information you submit to us is generally used to better serve you, carry out your requests, respond to your inquiries or in other ways we disclose to you when you provide the information. If you have opted-in to receive email communications from Mazola, you may opt-out from receiving future promotional information from us, by clicking on the unsubscribe link in any such email communication or by otherwise following the opt-out procedures set forth below.<\/span><\/p>\n<p><span style=\"font-weight: 400;\">In certain instances we may also share your personally identifiable information with our third party vendors performing functions on our behalf (or on behalf of our affiliated companies) \u2013 e.g., vendors that deliver our merchandise, administer our promotions, provide us marketing or promotional assistance, analyze our data, assist us with customer service, etc. Our vendors agree to use this information, and we share information with them, only to carry out our requests. In addition, if you are providing personally identifiable information to participate in a program or promotion such as a contest, we may share certain information you provide us with any participating sponsors only for the purposes of such participating sponsor administering the program or promotion, unless you have expressly opted-in to any other use of your personal information by the participating sponsor. Except as provided in this Privacy Policy, our Terms of Use, or as we disclose when you submit the information, your personally identifiable information will not be shared or sold to any third parties without your prior approval.<\/span><\/p>\n<p><span style=\"font-weight: 400;\">Non-Personal Information: The non-personal information we collect may be used to help analyze site traffic and improve our services. We may also aggregate this information to create statistical data and share it with potential advertisers, partners, affiliates and other third parties. Aggregate information does not personally identify you.\u00a0<\/span><\/p>\n<p><span style=\"font-weight: 400;\">Please note that we reserve the right to disclose any personally identifiable or non-personal information about you if we are required to do so by law or if we believe that such action is necessary to: (a) fulfill a government request; (b) conform with the requirements of the law or legal process; (c) protect or defend our legal rights or property, this Website, or other users; or (d) in an emergency to protect the health and safety of this Website\u2019s users or the general public.<\/span><\/p>\n<h4>CHILDREN<\/h4>\n<p><span style=\"font-weight: 400;\">The features, programs, promotions and other aspects of this Website requiring the submission of personally identifiable information are not intended for children. We do not knowingly collect personally identifiable information from children under the age of 13. Certain benefits of the Website may be restricted to adults, over the age of majority in their province\/territory of residence.<\/span><\/p>\n<h4>IP ADDRESS<\/h4>\n<p><span style=\"font-weight: 400;\">An IP address is a number that\u2019s automatically assigned to your computer whenever you&#8217;re surfing the Web. Web servers, the big computers that \u201cserve up\u201d Web pages, automatically identify your computer by its IP address. We collect IP addresses for purposes of system administration, to report aggregate information to our partners, and to track the use of the Website. When visitors request pages from the Website, our servers typically log their IP addresses. It is not our practice to link IP addresses to anything personally identifiable; that is, the visitor\u2019s session will be logged, but the visitor remains anonymous to us. However, we reserve the right to use IP addresses to identify a visitor when we feel it is necessary to enforce compliance with this Website\u2019s rules or to: (a) fulfill a government request; (b) conform with the requirements of the law or legal process; (c) protect or defend our legal rights or property, this Website, or other users; or (d) in an emergency to protect the health and safety of this Website\u2019s users or the general public.\u00a0\u00a0<\/span><\/p>\n<h4>COOKIES<\/h4>\n<p><span style=\"font-weight: 400;\">\u201cCookies\u201d are small text files from a web site that are stored on your hard drive. These small text files make using a web site more convenient by, among other things, saving your passwords and preferences for you. Cookies themselves do not typically contain any personally identifiable information. We may analyze the information derived from these cookies and match this information with data provided by you or another party. We may provide our analysis and certain non-personally identifiable information to potential partners, advertisers (who may use this information to provide advertisements tailored to your interests) or other third parties, but this will not involve disclosing any of your personally identifiable information. Please note that advertisers that serve advertisements on our Website may also use their own cookies and these are subject to the advertiser\u2019s privacy policies, not this Privacy Policy.<\/span><\/p>\n<p><span style=\"font-weight: 400;\">If you are concerned about the storage of Cookies, you may be able to direct your browser to notify you and seek approval whenever a cookie is being sent to your hard drive. You may also delete a cookie manually from your hard drive. Please note, however, that some parts of this Website may not function properly or be available to you if you refuse to accept a Cookie or choose to disable your Cookies settings.<\/span><\/p>\n<h4>KEEPING YOUR INFORMATION SECURE<\/h4>\n<p><span style=\"font-weight: 400;\">We have implemented security measures we consider reasonable and appropriate to protect against the loss, misuse and alteration of the information under our control. Please be advised, however, that while we strive to protect your personally identifiable information and privacy, we cannot guarantee or warrant the security of any information you disclose or transmit to us online and are not responsible for the theft, destruction, or inadvertent disclosure of your personally identifiable information.<\/span><\/p>\n<h4>TRANSFER OF ASSETS<\/h4>\n<p><span style=\"font-weight: 400;\">As we continue to develop our business, we may sell or purchase assets. If another entity acquires us or all (or substantially all) of our assets, your personally identifiable information, non-personal information, and any other information that we have collected about you will be transferred to this acquiring entity. Also, if any bankruptcy or reorganization proceeding is brought by or against us, all such information may be considered an asset of ours and as such may be sold or transferred to third parties.<\/span><\/p>\n<h4>OTHER SITES<\/h4>\n<p><span style=\"font-weight: 400;\">This Website may link to or contain links to other websites that we do not control or maintain. We are not responsible for the privacy practices employed by these other websites. We encourage you to note when you leave this Website and to read the privacy statements of all other websites before submitting any personally identifiable information.<\/span><\/p>\n<h4>CONTACT &amp; OPT-OUT INFORMATION<\/h4>\n<p><span style=\"font-weight: 400;\">You may contact us as provided below if: (a) you have questions or comments about our Privacy Policy; (b) wish to make corrections to any personally identifiable information you have provided or request that we delete any such personally identifiable information; or (c) want to opt-out from receiving future promotional correspondence from us,.<\/span><\/p>\n<p><strong>ACH FOOD COMPANIES, INC.<br \/>\nPRIVACY POLICY<\/strong><\/p>\n<p><span style=\"font-weight: 400;\">One Parkview Plaza, 5th Floor<br \/>\n<\/span><span style=\"font-weight: 400;\">Oakbrook Terrace, IL, 60181<br \/>\n<\/span><a href=\"mailto:ACHConsumeraffairs@achfood.com\"><span style=\"font-weight: 400;\">ACHConsumeraffairs@achfood.com<\/span><\/a><\/p>\n[delete_cookies text=&#8221;Click here to revoke cookie consent (beta)&#8221;]\n","protected":false},"excerpt":{"rendered":"<p>Politique de confidentialit\u00e9 Bienvenue sur le site Web canadien Mazola d&#039;ACH Food Companies, Inc. Ce site Web est un service d&#039;ACH Food Companies, Inc., ainsi que de ses filiales, soci\u00e9t\u00e9s affili\u00e9es, agents et\u2026<\/p>","protected":false},"author":1,"featured_media":0,"parent":0,"menu_order":0,"comment_status":"closed","ping_status":"open","template":"","meta":{"footnotes":""},"class_list":["post-3","page","type-page","status-publish"],"yoast_head":"<!-- This site is optimized with the Yoast SEO Premium plugin v19.3 (Yoast SEO v27.4) - https:\/\/yoast.com\/product\/yoast-seo-premium-wordpress\/ -->\n<title>Privacy Policy - Mazola\u00ae Oils<\/title>\n<meta name=\"robots\" content=\"index, follow, max-snippet:-1, max-image-preview:large, max-video-preview:-1\" \/>\n<link rel=\"canonical\" href=\"https:\/\/www.mazola.ca\/fr\/privacy-policy\/\" \/>\n<meta property=\"og:locale\" content=\"fr_CA\" \/>\n<meta property=\"og:type\" content=\"article\" \/>\n<meta property=\"og:title\" content=\"Privacy Policy\" \/>\n<meta property=\"og:description\" content=\"Privacy Policy Welcome to the Canadian Mazola website by ACH Food Companies, Inc. This website is a service of ACH Food Companies, Inc., together with its subsidiaries, affiliates, agents and...\" \/>\n<meta property=\"og:url\" content=\"https:\/\/www.mazola.ca\/fr\/privacy-policy\/\" \/>\n<meta property=\"og:site_name\" content=\"Mazola\u00ae Oils\" \/>\n<meta property=\"article:publisher\" content=\"https:\/\/www.facebook.com\/mazolacanada\" \/>\n<meta property=\"article:modified_time\" content=\"2021-11-19T03:42:54+00:00\" \/>\n<meta name=\"twitter:card\" content=\"summary_large_image\" \/>\n<meta name=\"twitter:label1\" content=\"Estimation du temps de lecture\" \/>\n\t<meta name=\"twitter:data1\" content=\"8 minutes\" \/>\n<script type=\"application\/ld+json\" class=\"yoast-schema-graph\">{\"@context\":\"https:\\\/\\\/schema.org\",\"@graph\":[{\"@type\":\"WebPage\",\"@id\":\"https:\\\/\\\/www.mazola.ca\\\/fr\\\/privacy-policy\\\/\",\"url\":\"https:\\\/\\\/www.mazola.ca\\\/fr\\\/privacy-policy\\\/\",\"name\":\"Privacy Policy - Mazola\u00ae Oils\",\"isPartOf\":{\"@id\":\"https:\\\/\\\/www.mazola.ca\\\/#website\"},\"datePublished\":\"2021-10-29T12:11:25+00:00\",\"dateModified\":\"2021-11-19T03:42:54+00:00\",\"breadcrumb\":{\"@id\":\"https:\\\/\\\/www.mazola.ca\\\/fr\\\/privacy-policy\\\/#breadcrumb\"},\"inLanguage\":\"fr-CA\",\"potentialAction\":[{\"@type\":\"ReadAction\",\"target\":[\"https:\\\/\\\/www.mazola.ca\\\/fr\\\/privacy-policy\\\/\"]}]},{\"@type\":\"BreadcrumbList\",\"@id\":\"https:\\\/\\\/www.mazola.ca\\\/fr\\\/privacy-policy\\\/#breadcrumb\",\"itemListElement\":[{\"@type\":\"ListItem\",\"position\":1,\"name\":\"Home\",\"item\":\"https:\\\/\\\/www.mazola.ca\\\/\"},{\"@type\":\"ListItem\",\"position\":2,\"name\":\"Privacy Policy\"}]},{\"@type\":\"WebSite\",\"@id\":\"https:\\\/\\\/www.mazola.ca\\\/#website\",\"url\":\"https:\\\/\\\/www.mazola.ca\\\/\",\"name\":\"Mazola\u00ae Oils\",\"description\":\"Your First Ingredient\",\"publisher\":{\"@id\":\"https:\\\/\\\/www.mazola.ca\\\/#organization\"},\"potentialAction\":[{\"@type\":\"SearchAction\",\"target\":{\"@type\":\"EntryPoint\",\"urlTemplate\":\"https:\\\/\\\/www.mazola.ca\\\/?s={search_term_string}\"},\"query-input\":{\"@type\":\"PropertyValueSpecification\",\"valueRequired\":true,\"valueName\":\"search_term_string\"}}],\"inLanguage\":\"fr-CA\"},{\"@type\":\"Organization\",\"@id\":\"https:\\\/\\\/www.mazola.ca\\\/#organization\",\"name\":\"Mazola Canada\",\"url\":\"https:\\\/\\\/www.mazola.ca\\\/\",\"logo\":{\"@type\":\"ImageObject\",\"inLanguage\":\"fr-CA\",\"@id\":\"https:\\\/\\\/www.mazola.ca\\\/#\\\/schema\\\/logo\\\/image\\\/\",\"url\":\"https:\\\/\\\/www.mazola.ca\\\/wp-content\\\/uploads\\\/2021\\\/11\\\/mazola-oils-site-identity.png\",\"contentUrl\":\"https:\\\/\\\/www.mazola.ca\\\/wp-content\\\/uploads\\\/2021\\\/11\\\/mazola-oils-site-identity.png\",\"width\":512,\"height\":512,\"caption\":\"Mazola Canada\"},\"image\":{\"@id\":\"https:\\\/\\\/www.mazola.ca\\\/#\\\/schema\\\/logo\\\/image\\\/\"},\"sameAs\":[\"https:\\\/\\\/www.facebook.com\\\/mazolacanada\",\"https:\\\/\\\/www.instagram.com\\\/mazolacanada\\\/\",\"https:\\\/\\\/www.pinterest.ca\\\/mazolacanada\\\/\",\"https:\\\/\\\/www.youtube.com\\\/channel\\\/UCzvF-_PhYfUndULmCF28ZFg\\\/\"]}]}<\/script>\n<!-- \/ Yoast SEO Premium plugin. -->","yoast_head_json":{"title":"Politique de confidentialit\u00e9 - Huiles Mazola\u00ae","robots":{"index":"index","follow":"follow","max-snippet":"max-snippet:-1","max-image-preview":"max-image-preview:large","max-video-preview":"max-video-preview:-1"},"canonical":"https:\/\/www.mazola.ca\/fr\/privacy-policy\/","og_locale":"fr_CA","og_type":"article","og_title":"Privacy Policy","og_description":"Privacy Policy Welcome to the Canadian Mazola website by ACH Food Companies, Inc. This website is a service of ACH Food Companies, Inc., together with its subsidiaries, affiliates, agents and...","og_url":"https:\/\/www.mazola.ca\/fr\/privacy-policy\/","og_site_name":"Mazola\u00ae Oils","article_publisher":"https:\/\/www.facebook.com\/mazolacanada","article_modified_time":"2021-11-19T03:42:54+00:00","twitter_card":"summary_large_image","twitter_misc":{"Estimation du temps de lecture":"8 minutes"},"schema":{"@context":"https:\/\/schema.org","@graph":[{"@type":"WebPage","@id":"https:\/\/www.mazola.ca\/fr\/privacy-policy\/","url":"https:\/\/www.mazola.ca\/fr\/privacy-policy\/","name":"Politique de confidentialit\u00e9 - Huiles Mazola\u00ae","isPartOf":{"@id":"https:\/\/www.mazola.ca\/#website"},"datePublished":"2021-10-29T12:11:25+00:00","dateModified":"2021-11-19T03:42:54+00:00","breadcrumb":{"@id":"https:\/\/www.mazola.ca\/fr\/privacy-policy\/#breadcrumb"},"inLanguage":"fr-CA","potentialAction":[{"@type":"ReadAction","target":["https:\/\/www.mazola.ca\/fr\/privacy-policy\/"]}]},{"@type":"BreadcrumbList","@id":"https:\/\/www.mazola.ca\/fr\/privacy-policy\/#breadcrumb","itemListElement":[{"@type":"ListItem","position":1,"name":"Home","item":"https:\/\/www.mazola.ca\/"},{"@type":"ListItem","position":2,"name":"Privacy Policy"}]},{"@type":"WebSite","@id":"https:\/\/www.mazola.ca\/#website","url":"https:\/\/www.mazola.ca\/","name":"Huiles Mazola\u00ae","description":"Votre premier ingredient","publisher":{"@id":"https:\/\/www.mazola.ca\/#organization"},"potentialAction":[{"@type":"SearchAction","target":{"@type":"EntryPoint","urlTemplate":"https:\/\/www.mazola.ca\/?s={search_term_string}"},"query-input":{"@type":"PropertyValueSpecification","valueRequired":true,"valueName":"search_term_string"}}],"inLanguage":"fr-CA"},{"@type":"Organization","@id":"https:\/\/www.mazola.ca\/#organization","name":"Mazola Canada","url":"https:\/\/www.mazola.ca\/","logo":{"@type":"ImageObject","inLanguage":"fr-CA","@id":"https:\/\/www.mazola.ca\/#\/schema\/logo\/image\/","url":"https:\/\/www.mazola.ca\/wp-content\/uploads\/2021\/11\/mazola-oils-site-identity.png","contentUrl":"https:\/\/www.mazola.ca\/wp-content\/uploads\/2021\/11\/mazola-oils-site-identity.png","width":512,"height":512,"caption":"Mazola Canada"},"image":{"@id":"https:\/\/www.mazola.ca\/#\/schema\/logo\/image\/"},"sameAs":["https:\/\/www.facebook.com\/mazolacanada","https:\/\/www.instagram.com\/mazolacanada\/","https:\/\/www.pinterest.ca\/mazolacanada\/","https:\/\/www.youtube.com\/channel\/UCzvF-_PhYfUndULmCF28ZFg\/"]}]}},"_links":{"self":[{"href":"https:\/\/www.mazola.ca\/fr\/wp-json\/wp\/v2\/pages\/3","targetHints":{"allow":["GET"]}}],"collection":[{"href":"https:\/\/www.mazola.ca\/fr\/wp-json\/wp\/v2\/pages"}],"about":[{"href":"https:\/\/www.mazola.ca\/fr\/wp-json\/wp\/v2\/types\/page"}],"author":[{"embeddable":true,"href":"https:\/\/www.mazola.ca\/fr\/wp-json\/wp\/v2\/users\/1"}],"replies":[{"embeddable":true,"href":"https:\/\/www.mazola.ca\/fr\/wp-json\/wp\/v2\/comments?post=3"}],"version-history":[{"count":0,"href":"https:\/\/www.mazola.ca\/fr\/wp-json\/wp\/v2\/pages\/3\/revisions"}],"wp:attachment":[{"href":"https:\/\/www.mazola.ca\/fr\/wp-json\/wp\/v2\/media?parent=3"}],"curies":[{"name":"wp","href":"https:\/\/api.w.org\/{rel}","templated":true}]}}