
{"id":432,"date":"2021-12-30T14:02:49","date_gmt":"2021-12-30T19:02:49","guid":{"rendered":"https:\/\/www.mazola.ca\/?page_id=432"},"modified":"2023-01-23T14:24:12","modified_gmt":"2023-01-23T19:24:12","slug":"account-login","status":"publish","type":"page","link":"https:\/\/www.mazola.ca\/fr\/account-login\/","title":{"rendered":"Connexion au compte"},"content":{"rendered":"<div id=\"fws_69e7381ba2022\"  data-column-margin=\"default\" data-midnight=\"dark\" data-top-percent=\"5%\" data-bottom-percent=\"5%\"  class=\"wpb_row vc_row-fluid vc_row\"  style=\"padding-top: calc(100vw * 0.05); padding-bottom: calc(100vw * 0.05); \"><div class=\"row-bg-wrap\" data-bg-animation=\"none\" data-bg-animation-delay=\"\" data-bg-overlay=\"false\"><div class=\"inner-wrap row-bg-layer\" ><div class=\"row-bg viewport-desktop\"  style=\"\"><\/div><\/div><\/div><div class=\"row_col_wrap_12 col span_12 dark left\">\n\t<div  class=\"vc_col-sm-12 wpb_column column_container vc_column_container col no-extra-padding inherit_tablet inherit_phone\"  data-padding-pos=\"all\" data-has-bg-color=\"false\" data-bg-color=\"\" data-bg-opacity=\"1\" data-animation=\"\" data-delay=\"0\" >\n\t\t<div class=\"vc_column-inner\" >\n\t\t\t<div class=\"wpb_wrapper\">\n\t\t\t\t<div id=\"fws_69e7381ba22dc\" data-midnight=\"\" data-column-margin=\"default\" class=\"wpb_row vc_row-fluid vc_row inner_row\"  style=\"\"><div class=\"row-bg-wrap\"> <div class=\"row-bg\" ><\/div> <\/div><div class=\"row_col_wrap_12_inner col span_12  left\">\n\t<div  class=\"vc_col-sm-2 vc_hidden-sm vc_hidden-xs wpb_column column_container vc_column_container col child_column no-extra-padding inherit_tablet inherit_phone\"   data-padding-pos=\"all\" data-has-bg-color=\"false\" data-bg-color=\"\" data-bg-opacity=\"1\" data-animation=\"\" data-delay=\"0\" >\n\t\t<div class=\"vc_column-inner\" >\n\t\t<div class=\"wpb_wrapper\">\n\t\t\t\n\t\t<\/div> \n\t<\/div>\n\t<\/div> \n\n\t<div  class=\"vc_col-sm-8 wpb_column column_container vc_column_container col child_column no-extra-padding inherit_tablet inherit_phone\"   data-padding-pos=\"all\" data-has-bg-color=\"false\" data-bg-color=\"\" data-bg-opacity=\"1\" data-animation=\"\" data-delay=\"0\" >\n\t\t<div class=\"vc_column-inner\" >\n\t\t<div class=\"wpb_wrapper\">\n\t\t\t\n<div class=\"wpb_text_column wpb_content_element  wpb_animate_when_almost_visible wpb_fadeIn fadeIn\" >\n\t<div class=\"wpb_wrapper\">\n\t\t<h2 class=\"gld-txt\" style=\"text-align: center;\">Connectez-vous ou cr\u00e9ez un compte avec Disqus, la plateforme de la communaut\u00e9 Mazola !<\/h2>\n<h3><\/h3>\n<h3 class=\"gld-txt\" style=\"text-align: center;\">Gr\u00e2ce \u00e0 votre compte, vous pourrez faire des commentaires, choisir et \u00e9valuer nos recettes !<\/h3>\n\t<\/div>\n<\/div>\n\n\n\n\n\t\t<\/div> \n\t<\/div>\n\t<\/div> \n\n\t<div  class=\"vc_col-sm-2 vc_hidden-sm vc_hidden-xs wpb_column column_container vc_column_container col child_column no-extra-padding inherit_tablet inherit_phone\"   data-padding-pos=\"all\" data-has-bg-color=\"false\" data-bg-color=\"\" data-bg-opacity=\"1\" data-animation=\"\" data-delay=\"0\" >\n\t\t<div class=\"vc_column-inner\" >\n\t\t<div class=\"wpb_wrapper\">\n\t\t\t\n\t\t<\/div> \n\t<\/div>\n\t<\/div> \n<\/div><\/div><div id=\"fws_69e7381ba26ea\" data-midnight=\"\" data-column-margin=\"default\" class=\"wpb_row vc_row-fluid vc_row inner_row\"  style=\"\"><div class=\"row-bg-wrap\"> <div class=\"row-bg\" ><\/div> <\/div><div class=\"row_col_wrap_12_inner col span_12  left\">\n\t<div  class=\"vc_col-sm-2 wpb_column column_container vc_column_container col child_column no-extra-padding inherit_tablet inherit_phone\"   data-padding-pos=\"all\" data-has-bg-color=\"false\" data-bg-color=\"\" data-bg-opacity=\"1\" data-animation=\"\" data-delay=\"0\" >\n\t\t<div class=\"vc_column-inner\" >\n\t\t<div class=\"wpb_wrapper\">\n\t\t\t\n\t\t<\/div> \n\t<\/div>\n\t<\/div> \n\n\t<div  class=\"vc_col-sm-8 wpb_column column_container vc_column_container col child_column no-extra-padding inherit_tablet inherit_phone\"   data-padding-pos=\"all\" data-has-bg-color=\"false\" data-bg-color=\"\" data-bg-opacity=\"1\" data-animation=\"\" data-delay=\"0\" >\n\t\t<div class=\"vc_column-inner\" >\n\t\t<div class=\"wpb_wrapper\">\n\t\t\t<a class=\"nectar-button jumbo regular extra-color-2 has-icon  wpb_animate_when_almost_visible wpb_fadeIn fadeIn regular-button full-width-button\"  style=\"\" target=\"_blank\" href=\"https:\/\/disqus.com\/profile\/login\/\" data-color-override=\"false\" data-hover-color-override=\"false\" data-hover-text-color-override=\"#fff\"><span>Connectez-vous avec Disqus<\/span><i  class=\"fa fa-sign-in\"><\/i><\/a><a class=\"nectar-button jumbo regular accent-color has-icon  wpb_animate_when_almost_visible wpb_fadeIn fadeIn regular-button full-width-button\"  style=\"\" target=\"_blank\" href=\"https:\/\/disqus.com\/profile\/signup\/\" data-color-override=\"false\" data-hover-color-override=\"false\" data-hover-text-color-override=\"#fff\"><span>Cr\u00e9er un compte Disqus<\/span><i  class=\"fa fa-user-plus\"><\/i><\/a><a class=\"nectar-button jumbo regular extra-color-1 has-icon  wpb_animate_when_almost_visible wpb_fadeIn fadeIn regular-button full-width-button\"  style=\"\" target=\"_blank\" href=\"https:\/\/disqus.com\/home\/\" data-color-override=\"false\" data-hover-color-override=\"false\" data-hover-text-color-override=\"#fff\"><span>Emmenez-moi sur mon profil<\/span><i  class=\"fa fa-user-circle-o\"><\/i><\/a>\n\t\t<\/div> \n\t<\/div>\n\t<\/div> \n\n\t<div  class=\"vc_col-sm-2 wpb_column column_container vc_column_container col child_column no-extra-padding inherit_tablet inherit_phone\"   data-padding-pos=\"all\" data-has-bg-color=\"false\" data-bg-color=\"\" data-bg-opacity=\"1\" data-animation=\"\" data-delay=\"0\" >\n\t\t<div class=\"vc_column-inner\" >\n\t\t<div class=\"wpb_wrapper\">\n\t\t\t\n\t\t<\/div> \n\t<\/div>\n\t<\/div> \n<\/div><\/div>\n\t\t\t<\/div> \n\t\t<\/div>\n\t<\/div> \n<\/div><\/div>","protected":false},"excerpt":{"rendered":"Connectez-vous ou cr\u00e9ez un compte sur Disqus, la plateforme communautaire choisie par Mazola\u00a0! Avec un compte, vous pourrez commenter, mettre en favoris et noter nos recettes ! CONNEXION AVEC DISQUSCREATE A DISQUS...","protected":false},"author":1,"featured_media":0,"parent":0,"menu_order":0,"comment_status":"closed","ping_status":"closed","template":"","meta":{"footnotes":""},"class_list":["post-432","page","type-page","status-publish"],"yoast_head":"<!-- This site is optimized with the Yoast SEO Premium plugin v19.3 (Yoast SEO v27.4) - https:\/\/yoast.com\/product\/yoast-seo-premium-wordpress\/ -->\n<title>Account Login - Mazola\u00ae Oils<\/title>\n<meta name=\"robots\" content=\"index, follow, max-snippet:-1, max-image-preview:large, max-video-preview:-1\" \/>\n<link rel=\"canonical\" href=\"https:\/\/www.mazola.ca\/fr\/account-login\/\" \/>\n<meta property=\"og:locale\" content=\"fr_CA\" \/>\n<meta property=\"og:type\" content=\"article\" \/>\n<meta property=\"og:title\" content=\"Account Login\" \/>\n<meta property=\"og:url\" content=\"https:\/\/www.mazola.ca\/fr\/account-login\/\" \/>\n<meta property=\"og:site_name\" content=\"Mazola\u00ae Oils\" \/>\n<meta property=\"article:publisher\" content=\"https:\/\/www.facebook.com\/mazolacanada\" \/>\n<meta property=\"article:modified_time\" content=\"2023-01-23T19:24:12+00:00\" \/>\n<meta name=\"twitter:card\" content=\"summary_large_image\" \/>\n<meta name=\"twitter:label1\" content=\"Estimation du temps de lecture\" \/>\n\t<meta name=\"twitter:data1\" content=\"2 minutes\" \/>\n<script type=\"application\/ld+json\" class=\"yoast-schema-graph\">{\"@context\":\"https:\\\/\\\/schema.org\",\"@graph\":[{\"@type\":\"WebPage\",\"@id\":\"https:\\\/\\\/www.mazola.ca\\\/account-login\\\/\",\"url\":\"https:\\\/\\\/www.mazola.ca\\\/account-login\\\/\",\"name\":\"Account Login - Mazola\u00ae Oils\",\"isPartOf\":{\"@id\":\"https:\\\/\\\/www.mazola.ca\\\/#website\"},\"datePublished\":\"2021-12-30T19:02:49+00:00\",\"dateModified\":\"2023-01-23T19:24:12+00:00\",\"breadcrumb\":{\"@id\":\"https:\\\/\\\/www.mazola.ca\\\/account-login\\\/#breadcrumb\"},\"inLanguage\":\"fr-CA\",\"potentialAction\":[{\"@type\":\"ReadAction\",\"target\":[\"https:\\\/\\\/www.mazola.ca\\\/account-login\\\/\"]}]},{\"@type\":\"BreadcrumbList\",\"@id\":\"https:\\\/\\\/www.mazola.ca\\\/account-login\\\/#breadcrumb\",\"itemListElement\":[{\"@type\":\"ListItem\",\"position\":1,\"name\":\"Home\",\"item\":\"https:\\\/\\\/www.mazola.ca\\\/\"},{\"@type\":\"ListItem\",\"position\":2,\"name\":\"Account Login\"}]},{\"@type\":\"WebSite\",\"@id\":\"https:\\\/\\\/www.mazola.ca\\\/#website\",\"url\":\"https:\\\/\\\/www.mazola.ca\\\/\",\"name\":\"Mazola\u00ae Oils\",\"description\":\"Your First Ingredient\",\"publisher\":{\"@id\":\"https:\\\/\\\/www.mazola.ca\\\/#organization\"},\"potentialAction\":[{\"@type\":\"SearchAction\",\"target\":{\"@type\":\"EntryPoint\",\"urlTemplate\":\"https:\\\/\\\/www.mazola.ca\\\/?s={search_term_string}\"},\"query-input\":{\"@type\":\"PropertyValueSpecification\",\"valueRequired\":true,\"valueName\":\"search_term_string\"}}],\"inLanguage\":\"fr-CA\"},{\"@type\":\"Organization\",\"@id\":\"https:\\\/\\\/www.mazola.ca\\\/#organization\",\"name\":\"Mazola Canada\",\"url\":\"https:\\\/\\\/www.mazola.ca\\\/\",\"logo\":{\"@type\":\"ImageObject\",\"inLanguage\":\"fr-CA\",\"@id\":\"https:\\\/\\\/www.mazola.ca\\\/#\\\/schema\\\/logo\\\/image\\\/\",\"url\":\"https:\\\/\\\/www.mazola.ca\\\/wp-content\\\/uploads\\\/2021\\\/11\\\/mazola-oils-site-identity.png\",\"contentUrl\":\"https:\\\/\\\/www.mazola.ca\\\/wp-content\\\/uploads\\\/2021\\\/11\\\/mazola-oils-site-identity.png\",\"width\":512,\"height\":512,\"caption\":\"Mazola Canada\"},\"image\":{\"@id\":\"https:\\\/\\\/www.mazola.ca\\\/#\\\/schema\\\/logo\\\/image\\\/\"},\"sameAs\":[\"https:\\\/\\\/www.facebook.com\\\/mazolacanada\",\"https:\\\/\\\/www.instagram.com\\\/mazolacanada\\\/\",\"https:\\\/\\\/www.pinterest.ca\\\/mazolacanada\\\/\",\"https:\\\/\\\/www.youtube.com\\\/channel\\\/UCzvF-_PhYfUndULmCF28ZFg\\\/\"]}]}<\/script>\n<!-- \/ Yoast SEO Premium plugin. -->","yoast_head_json":{"title":"Connexion au compte - Huiles Mazola\u00ae","robots":{"index":"index","follow":"follow","max-snippet":"max-snippet:-1","max-image-preview":"max-image-preview:large","max-video-preview":"max-video-preview:-1"},"canonical":"https:\/\/www.mazola.ca\/fr\/account-login\/","og_locale":"fr_CA","og_type":"article","og_title":"Account Login","og_url":"https:\/\/www.mazola.ca\/fr\/account-login\/","og_site_name":"Mazola\u00ae Oils","article_publisher":"https:\/\/www.facebook.com\/mazolacanada","article_modified_time":"2023-01-23T19:24:12+00:00","twitter_card":"summary_large_image","twitter_misc":{"Estimation du temps de lecture":"2 minutes"},"schema":{"@context":"https:\/\/schema.org","@graph":[{"@type":"WebPage","@id":"https:\/\/www.mazola.ca\/account-login\/","url":"https:\/\/www.mazola.ca\/account-login\/","name":"Connexion au compte - Huiles Mazola\u00ae","isPartOf":{"@id":"https:\/\/www.mazola.ca\/#website"},"datePublished":"2021-12-30T19:02:49+00:00","dateModified":"2023-01-23T19:24:12+00:00","breadcrumb":{"@id":"https:\/\/www.mazola.ca\/account-login\/#breadcrumb"},"inLanguage":"fr-CA","potentialAction":[{"@type":"ReadAction","target":["https:\/\/www.mazola.ca\/account-login\/"]}]},{"@type":"BreadcrumbList","@id":"https:\/\/www.mazola.ca\/account-login\/#breadcrumb","itemListElement":[{"@type":"ListItem","position":1,"name":"Home","item":"https:\/\/www.mazola.ca\/"},{"@type":"ListItem","position":2,"name":"Account Login"}]},{"@type":"WebSite","@id":"https:\/\/www.mazola.ca\/#website","url":"https:\/\/www.mazola.ca\/","name":"Huiles Mazola\u00ae","description":"Votre premier ingredient","publisher":{"@id":"https:\/\/www.mazola.ca\/#organization"},"potentialAction":[{"@type":"SearchAction","target":{"@type":"EntryPoint","urlTemplate":"https:\/\/www.mazola.ca\/?s={search_term_string}"},"query-input":{"@type":"PropertyValueSpecification","valueRequired":true,"valueName":"search_term_string"}}],"inLanguage":"fr-CA"},{"@type":"Organization","@id":"https:\/\/www.mazola.ca\/#organization","name":"Mazola Canada","url":"https:\/\/www.mazola.ca\/","logo":{"@type":"ImageObject","inLanguage":"fr-CA","@id":"https:\/\/www.mazola.ca\/#\/schema\/logo\/image\/","url":"https:\/\/www.mazola.ca\/wp-content\/uploads\/2021\/11\/mazola-oils-site-identity.png","contentUrl":"https:\/\/www.mazola.ca\/wp-content\/uploads\/2021\/11\/mazola-oils-site-identity.png","width":512,"height":512,"caption":"Mazola Canada"},"image":{"@id":"https:\/\/www.mazola.ca\/#\/schema\/logo\/image\/"},"sameAs":["https:\/\/www.facebook.com\/mazolacanada","https:\/\/www.instagram.com\/mazolacanada\/","https:\/\/www.pinterest.ca\/mazolacanada\/","https:\/\/www.youtube.com\/channel\/UCzvF-_PhYfUndULmCF28ZFg\/"]}]}},"_links":{"self":[{"href":"https:\/\/www.mazola.ca\/fr\/wp-json\/wp\/v2\/pages\/432","targetHints":{"allow":["GET"]}}],"collection":[{"href":"https:\/\/www.mazola.ca\/fr\/wp-json\/wp\/v2\/pages"}],"about":[{"href":"https:\/\/www.mazola.ca\/fr\/wp-json\/wp\/v2\/types\/page"}],"author":[{"embeddable":true,"href":"https:\/\/www.mazola.ca\/fr\/wp-json\/wp\/v2\/users\/1"}],"replies":[{"embeddable":true,"href":"https:\/\/www.mazola.ca\/fr\/wp-json\/wp\/v2\/comments?post=432"}],"version-history":[{"count":0,"href":"https:\/\/www.mazola.ca\/fr\/wp-json\/wp\/v2\/pages\/432\/revisions"}],"wp:attachment":[{"href":"https:\/\/www.mazola.ca\/fr\/wp-json\/wp\/v2\/media?parent=432"}],"curies":[{"name":"wp","href":"https:\/\/api.w.org\/{rel}","templated":true}]}}